
{"id":500,"date":"2025-12-17T10:49:48","date_gmt":"2025-12-17T13:49:48","guid":{"rendered":"https:\/\/infinityxgroup.com.br\/?page_id=500"},"modified":"2026-01-09T22:11:32","modified_gmt":"2026-01-10T01:11:32","slug":"bebidas","status":"publish","type":"page","link":"https:\/\/infinityxgroup.com.br\/en\/bebidas\/","title":{"rendered":"Drinks"},"content":{"rendered":"<div data-elementor-type=\"wp-page\" data-elementor-id=\"500\" class=\"elementor elementor-500\" data-elementor-post-type=\"page\">\n\t\t\t\t<div class=\"elementor-element elementor-element-5dca9924 e-flex e-con-boxed e-con e-parent\" data-id=\"5dca9924\" data-element_type=\"container\" data-e-type=\"container\" data-settings=\"{&quot;background_background&quot;:&quot;classic&quot;,&quot;ekit_has_onepagescroll_dot&quot;:&quot;yes&quot;}\">\n\t\t\t\t\t<div class=\"e-con-inner\">\n\t\t\t\t<div class=\"elementor-element elementor-element-6651acc1 elementor-widget elementor-widget-heading\" data-id=\"6651acc1\" data-element_type=\"widget\" data-e-type=\"widget\" data-settings=\"{&quot;ekit_we_effect_on&quot;:&quot;none&quot;}\" data-widget_type=\"heading.default\">\n\t\t\t\t\t<h2 class=\"elementor-heading-title elementor-size-default\">Drinks<\/h2>\t\t\t\t<\/div>\n\t\t\t\t\t<\/div>\n\t\t\t\t<\/div>\n\t\t<div class=\"elementor-element elementor-element-f209b47 e-flex e-con-boxed e-con e-parent\" data-id=\"f209b47\" data-element_type=\"container\" data-e-type=\"container\" data-settings=\"{&quot;ekit_has_onepagescroll_dot&quot;:&quot;yes&quot;}\">\n\t\t\t\t\t<div class=\"e-con-inner\">\n\t\t\t\t<div class=\"elementor-element elementor-element-4673cf4d elementor-widget elementor-widget-text-editor\" data-id=\"4673cf4d\" data-element_type=\"widget\" data-e-type=\"widget\" data-settings=\"{&quot;ekit_we_effect_on&quot;:&quot;none&quot;}\" data-widget_type=\"text-editor.default\">\n\t\t\t\t\t\t\t\t\t<h1 style=\"text-align: center;\">Non-Alcoholic and Specialty Beverages: Health, Flavor, and Global Trends<\/h1><p>The export of non-alcoholic beverages \u2014 encompassing natural juices, premium waters, teas, coffees, and functional drinks \u2014 demands a distinct level of technical rigor. Unlike distilled spirits, where product stability is high, this segment requires critical management of shelf life, nutritional preservation, and strict compliance with food safety standards.<\/p><p>At Infinity X Group, we manage this portfolio focusing on three essential pillars:<\/p><p>1. Product Adaptation and Market Intelligence We don't just export, we adapt (or internationalize) the product for the Brazilian market. We know that the level of sweetness accepted in Latin America differs from the European standard, or that the Asian market prioritizes functional beverages. Our technical team works on adjusting formulations, ingredients, and packaging to ensure that the product immediately appeals to the taste and culture of the destination country.<\/p><p>2. Food Safety and Certifications The entry barrier for non-alcoholic beverages is sanitary. We manage the entire compliance chain, ensuring that products meet international standards (such as HACCP, ISO, FDA, or EFSA). We handle the complexities of microbiological reports and nutritional labeling, guaranteeing transparency and approval from global health surveillance agencies.<\/p><p>3. Perishable Goods Logistics and Cost-Effect The logistical challenge here is balancing volume, weight, and added value. Our expertise in international logistics allows us to design routes that optimize transit time\u2014preserving the freshness and organoleptic integrity of the beverage\u2014without compromising the competitiveness of the final price on the shelf.<\/p><p>Solu\u00e7\u00e3o Ponta a Ponta Seja para levar a pureza das \u00e1guas brasileiras ao Oriente M\u00e9dio ou a vitalidade do a\u00e7a\u00ed e sucos tropicais \u00e0 Europa, a Infinity X Group oferece a infraestrutura e o know-how necess\u00e1rios para transformar commodities nacionais em marcas globais de alto valor percebido.<\/p>\t\t\t\t\t\t\t\t<\/div>\n\t\t\t\t\t<\/div>\n\t\t\t\t<\/div>\n\t\t<div class=\"elementor-element elementor-element-1588bebf e-flex e-con-boxed e-con e-parent\" data-id=\"1588bebf\" data-element_type=\"container\" data-e-type=\"container\" data-settings=\"{&quot;ekit_has_onepagescroll_dot&quot;:&quot;yes&quot;}\">\n\t\t\t\t\t<div class=\"e-con-inner\">\n\t\t\t\t\t<\/div>\n\t\t\t\t<\/div>\n\t\t\t\t<\/div>","protected":false},"excerpt":{"rendered":"<p>Bebidas N\u00e3o Alco\u00f3licas e Especiais: Sa\u00fade, Sabor e Tend\u00eancias Globais A exporta\u00e7\u00e3o de bebidas n\u00e3o alco\u00f3licas \u2014 abrangendo sucos naturais, \u00e1guas premium, ch\u00e1s, caf\u00e9s e funcionais \u2014 exige um rigor t\u00e9cnico diferenciado. Diferente dos destilados, onde a estabilidade do produto \u00e9 alta, este segmento demanda gest\u00e3o cr\u00edtica de validade (shelf-life), preserva\u00e7\u00e3o nutricional e compliance rigoroso [&hellip;]<\/p>","protected":false},"author":1,"featured_media":0,"parent":0,"menu_order":0,"comment_status":"closed","ping_status":"closed","template":"","meta":{"footnotes":""},"class_list":["post-500","page","type-page","status-publish","hentry"],"yoast_head":"<!-- This site is optimized with the Yoast SEO plugin v27.2 - https:\/\/yoast.com\/product\/yoast-seo-wordpress\/ -->\n<title>Bebidas - Infinityxgroup.com.br | Empresa de trading para exporta\u00e7\u00e3o de produtos<\/title>\n<meta name=\"robots\" content=\"index, follow, max-snippet:-1, max-image-preview:large, max-video-preview:-1\" \/>\n<link rel=\"canonical\" href=\"https:\/\/infinityxgroup.com.br\/en\/bebidas\/\" \/>\n<meta property=\"og:locale\" content=\"en_US\" \/>\n<meta property=\"og:type\" content=\"article\" \/>\n<meta property=\"og:title\" content=\"Bebidas - Infinityxgroup.com.br | Empresa de trading para exporta\u00e7\u00e3o de produtos\" \/>\n<meta property=\"og:description\" content=\"Bebidas N\u00e3o Alco\u00f3licas e Especiais: Sa\u00fade, Sabor e Tend\u00eancias Globais A exporta\u00e7\u00e3o de bebidas n\u00e3o alco\u00f3licas \u2014 abrangendo sucos naturais, \u00e1guas premium, ch\u00e1s, caf\u00e9s e funcionais \u2014 exige um rigor t\u00e9cnico diferenciado. Diferente dos destilados, onde a estabilidade do produto \u00e9 alta, este segmento demanda gest\u00e3o cr\u00edtica de validade (shelf-life), preserva\u00e7\u00e3o nutricional e compliance rigoroso [&hellip;]\" \/>\n<meta property=\"og:url\" content=\"https:\/\/infinityxgroup.com.br\/en\/bebidas\/\" \/>\n<meta property=\"og:site_name\" content=\"Infinityxgroup.com.br | Empresa de trading para exporta\u00e7\u00e3o de produtos\" \/>\n<meta property=\"article:modified_time\" content=\"2026-01-10T01:11:32+00:00\" \/>\n<meta name=\"twitter:card\" content=\"summary_large_image\" \/>\n<meta name=\"twitter:label1\" content=\"Est. reading time\" \/>\n\t<meta name=\"twitter:data1\" content=\"2 minutes\" \/>\n<script type=\"application\/ld+json\" class=\"yoast-schema-graph\">{\"@context\":\"https:\/\/schema.org\",\"@graph\":[{\"@type\":\"WebPage\",\"@id\":\"https:\/\/infinityxgroup.com.br\/bebidas\/\",\"url\":\"https:\/\/infinityxgroup.com.br\/bebidas\/\",\"name\":\"Bebidas - Infinityxgroup.com.br | Empresa de trading para exporta\u00e7\u00e3o de produtos\",\"isPartOf\":{\"@id\":\"https:\/\/infinityxgroup.com.br\/#website\"},\"datePublished\":\"2025-12-17T13:49:48+00:00\",\"dateModified\":\"2026-01-10T01:11:32+00:00\",\"breadcrumb\":{\"@id\":\"https:\/\/infinityxgroup.com.br\/bebidas\/#breadcrumb\"},\"inLanguage\":\"en-US\",\"potentialAction\":[{\"@type\":\"ReadAction\",\"target\":[\"https:\/\/infinityxgroup.com.br\/bebidas\/\"]}]},{\"@type\":\"BreadcrumbList\",\"@id\":\"https:\/\/infinityxgroup.com.br\/bebidas\/#breadcrumb\",\"itemListElement\":[{\"@type\":\"ListItem\",\"position\":1,\"name\":\"In\u00edcio\",\"item\":\"https:\/\/infinityxgroup.com.br\/\"},{\"@type\":\"ListItem\",\"position\":2,\"name\":\"Bebidas\"}]},{\"@type\":\"WebSite\",\"@id\":\"https:\/\/infinityxgroup.com.br\/#website\",\"url\":\"https:\/\/infinityxgroup.com.br\/\",\"name\":\"Infinityxgroup.com.br | Empresa de trading para exporta\u00e7\u00e3o de produtos\",\"description\":\"Empresa de trading para exporta\u00e7\u00e3o de produtos\",\"publisher\":{\"@id\":\"https:\/\/infinityxgroup.com.br\/#organization\"},\"potentialAction\":[{\"@type\":\"SearchAction\",\"target\":{\"@type\":\"EntryPoint\",\"urlTemplate\":\"https:\/\/infinityxgroup.com.br\/?s={search_term_string}\"},\"query-input\":{\"@type\":\"PropertyValueSpecification\",\"valueRequired\":true,\"valueName\":\"search_term_string\"}}],\"inLanguage\":\"en-US\"},{\"@type\":\"Organization\",\"@id\":\"https:\/\/infinityxgroup.com.br\/#organization\",\"name\":\"Infinityxgroup.com.br | Empresa de trading para exporta\u00e7\u00e3o de produtos\",\"url\":\"https:\/\/infinityxgroup.com.br\/\",\"logo\":{\"@type\":\"ImageObject\",\"inLanguage\":\"en-US\",\"@id\":\"https:\/\/infinityxgroup.com.br\/#\/schema\/logo\/image\/\",\"url\":\"https:\/\/infinityxgroup.com.br\/wp-content\/uploads\/2025\/12\/cropped-LOGO-INFINITYXGROUP-SEMFUNDO-e1765378023406.png\",\"contentUrl\":\"https:\/\/infinityxgroup.com.br\/wp-content\/uploads\/2025\/12\/cropped-LOGO-INFINITYXGROUP-SEMFUNDO-e1765378023406.png\",\"width\":150,\"height\":109,\"caption\":\"Infinityxgroup.com.br | Empresa de trading para exporta\u00e7\u00e3o de produtos\"},\"image\":{\"@id\":\"https:\/\/infinityxgroup.com.br\/#\/schema\/logo\/image\/\"}}]}<\/script>\n<!-- \/ Yoast SEO plugin. -->","yoast_head_json":{"title":"Bebidas - Infinityxgroup.com.br | Empresa de trading para exporta\u00e7\u00e3o de produtos","robots":{"index":"index","follow":"follow","max-snippet":"max-snippet:-1","max-image-preview":"max-image-preview:large","max-video-preview":"max-video-preview:-1"},"canonical":"https:\/\/infinityxgroup.com.br\/en\/bebidas\/","og_locale":"en_US","og_type":"article","og_title":"Bebidas - Infinityxgroup.com.br | Empresa de trading para exporta\u00e7\u00e3o de produtos","og_description":"Bebidas N\u00e3o Alco\u00f3licas e Especiais: Sa\u00fade, Sabor e Tend\u00eancias Globais A exporta\u00e7\u00e3o de bebidas n\u00e3o alco\u00f3licas \u2014 abrangendo sucos naturais, \u00e1guas premium, ch\u00e1s, caf\u00e9s e funcionais \u2014 exige um rigor t\u00e9cnico diferenciado. Diferente dos destilados, onde a estabilidade do produto \u00e9 alta, este segmento demanda gest\u00e3o cr\u00edtica de validade (shelf-life), preserva\u00e7\u00e3o nutricional e compliance rigoroso [&hellip;]","og_url":"https:\/\/infinityxgroup.com.br\/en\/bebidas\/","og_site_name":"Infinityxgroup.com.br | Empresa de trading para exporta\u00e7\u00e3o de produtos","article_modified_time":"2026-01-10T01:11:32+00:00","twitter_card":"summary_large_image","twitter_misc":{"Est. reading time":"2 minutes"},"schema":{"@context":"https:\/\/schema.org","@graph":[{"@type":"WebPage","@id":"https:\/\/infinityxgroup.com.br\/bebidas\/","url":"https:\/\/infinityxgroup.com.br\/bebidas\/","name":"Bebidas - Infinityxgroup.com.br | Empresa de trading para exporta\u00e7\u00e3o de produtos","isPartOf":{"@id":"https:\/\/infinityxgroup.com.br\/#website"},"datePublished":"2025-12-17T13:49:48+00:00","dateModified":"2026-01-10T01:11:32+00:00","breadcrumb":{"@id":"https:\/\/infinityxgroup.com.br\/bebidas\/#breadcrumb"},"inLanguage":"en-US","potentialAction":[{"@type":"ReadAction","target":["https:\/\/infinityxgroup.com.br\/bebidas\/"]}]},{"@type":"BreadcrumbList","@id":"https:\/\/infinityxgroup.com.br\/bebidas\/#breadcrumb","itemListElement":[{"@type":"ListItem","position":1,"name":"In\u00edcio","item":"https:\/\/infinityxgroup.com.br\/"},{"@type":"ListItem","position":2,"name":"Bebidas"}]},{"@type":"WebSite","@id":"https:\/\/infinityxgroup.com.br\/#website","url":"https:\/\/infinityxgroup.com.br\/","name":"Infinityxgroup.com.br | Empresa de trading para exporta\u00e7\u00e3o de produtos","description":"Empresa de trading para exporta\u00e7\u00e3o de produtos","publisher":{"@id":"https:\/\/infinityxgroup.com.br\/#organization"},"potentialAction":[{"@type":"SearchAction","target":{"@type":"EntryPoint","urlTemplate":"https:\/\/infinityxgroup.com.br\/?s={search_term_string}"},"query-input":{"@type":"PropertyValueSpecification","valueRequired":true,"valueName":"search_term_string"}}],"inLanguage":"en-US"},{"@type":"Organization","@id":"https:\/\/infinityxgroup.com.br\/#organization","name":"Infinityxgroup.com.br | Empresa de trading para exporta\u00e7\u00e3o de produtos","url":"https:\/\/infinityxgroup.com.br\/","logo":{"@type":"ImageObject","inLanguage":"en-US","@id":"https:\/\/infinityxgroup.com.br\/#\/schema\/logo\/image\/","url":"https:\/\/infinityxgroup.com.br\/wp-content\/uploads\/2025\/12\/cropped-LOGO-INFINITYXGROUP-SEMFUNDO-e1765378023406.png","contentUrl":"https:\/\/infinityxgroup.com.br\/wp-content\/uploads\/2025\/12\/cropped-LOGO-INFINITYXGROUP-SEMFUNDO-e1765378023406.png","width":150,"height":109,"caption":"Infinityxgroup.com.br | Empresa de trading para exporta\u00e7\u00e3o de produtos"},"image":{"@id":"https:\/\/infinityxgroup.com.br\/#\/schema\/logo\/image\/"}}]}},"_links":{"self":[{"href":"https:\/\/infinityxgroup.com.br\/en\/wp-json\/wp\/v2\/pages\/500","targetHints":{"allow":["GET"]}}],"collection":[{"href":"https:\/\/infinityxgroup.com.br\/en\/wp-json\/wp\/v2\/pages"}],"about":[{"href":"https:\/\/infinityxgroup.com.br\/en\/wp-json\/wp\/v2\/types\/page"}],"author":[{"embeddable":true,"href":"https:\/\/infinityxgroup.com.br\/en\/wp-json\/wp\/v2\/users\/1"}],"replies":[{"embeddable":true,"href":"https:\/\/infinityxgroup.com.br\/en\/wp-json\/wp\/v2\/comments?post=500"}],"version-history":[{"count":7,"href":"https:\/\/infinityxgroup.com.br\/en\/wp-json\/wp\/v2\/pages\/500\/revisions"}],"predecessor-version":[{"id":1201,"href":"https:\/\/infinityxgroup.com.br\/en\/wp-json\/wp\/v2\/pages\/500\/revisions\/1201"}],"wp:attachment":[{"href":"https:\/\/infinityxgroup.com.br\/en\/wp-json\/wp\/v2\/media?parent=500"}],"curies":[{"name":"wp","href":"https:\/\/api.w.org\/{rel}","templated":true}]}}