
{"id":461,"date":"2025-12-17T08:48:24","date_gmt":"2025-12-17T11:48:24","guid":{"rendered":"https:\/\/infinityxgroup.com.br\/?page_id=461"},"modified":"2026-01-09T22:10:51","modified_gmt":"2026-01-10T01:10:51","slug":"destilados","status":"publish","type":"page","link":"https:\/\/infinityxgroup.com.br\/en\/destilados\/","title":{"rendered":"distilled beverages"},"content":{"rendered":"<div data-elementor-type=\"wp-page\" data-elementor-id=\"461\" class=\"elementor elementor-461\" data-elementor-post-type=\"page\">\n\t\t\t\t<div class=\"elementor-element elementor-element-30884a68 e-flex e-con-boxed e-con e-parent\" data-id=\"30884a68\" data-element_type=\"container\" data-e-type=\"container\" data-settings=\"{&quot;background_background&quot;:&quot;classic&quot;,&quot;ekit_has_onepagescroll_dot&quot;:&quot;yes&quot;}\">\n\t\t\t\t\t<div class=\"e-con-inner\">\n\t\t\t\t<div class=\"elementor-element elementor-element-1dde91b7 elementor-widget elementor-widget-heading\" data-id=\"1dde91b7\" data-element_type=\"widget\" data-e-type=\"widget\" data-settings=\"{&quot;ekit_we_effect_on&quot;:&quot;none&quot;}\" data-widget_type=\"heading.default\">\n\t\t\t\t\t<h2 class=\"elementor-heading-title elementor-size-default\">distilled beverages<\/h2>\t\t\t\t<\/div>\n\t\t\t\t\t<\/div>\n\t\t\t\t<\/div>\n\t\t<div class=\"elementor-element elementor-element-55c10234 e-flex e-con-boxed e-con e-parent\" data-id=\"55c10234\" data-element_type=\"container\" data-e-type=\"container\" data-settings=\"{&quot;ekit_has_onepagescroll_dot&quot;:&quot;yes&quot;}\">\n\t\t\t\t\t<div class=\"e-con-inner\">\n\t\t\t\t<div class=\"elementor-element elementor-element-140885a4 elementor-widget elementor-widget-text-editor\" data-id=\"140885a4\" data-element_type=\"widget\" data-e-type=\"widget\" data-settings=\"{&quot;ekit_we_effect_on&quot;:&quot;none&quot;}\" data-widget_type=\"text-editor.default\">\n\t\t\t\t\t\t\t\t\t<h1 style=\"text-align: center;\">Export of Distilled Spirits: Technical Expertise and Global Compliance<\/h1><p>The spirits segment \u2014 encompassing Whisky, Vodka, Cacha\u00e7a, Gin, and Rum \u2014 demands a higher level of logistical and regulatory sophistication than that of fermented beverages. At Infinity X Group, we transform the complexity of international trade in high-alcohol-content products into a fluid and secure operation for our partners.<\/p><p>We understand that exporting spirits is not just about moving cargo; it's about preserving value, sensory identity, and legal compliance. Our work is based on four strategic pillars:<\/p><p>1. Regulatory Intelligence and Compliance: Distilled spirits are highly regulated products. Our team acts proactively in analyzing the legislation of the destination country, managing everything from formula adjustments (sugar\/alcohol levels) to technical labeling (language, health warnings, and nutritional information), eliminating the risk of customs retention.<\/p><p>2. Preserving Product Integrity: From raw material selection to final delivery, we guarantee that the sensory profile of the beverage remains unchanged. We use appropriate logistics methods to mitigate temperature variations and physical impacts, ensuring that the product reaches international shelves with the same quality as when it left the factory.<\/p><p>3. Complete Document Management We eliminate bureaucratic friction. We fully manage the issuance of certificates of origin, analytical reports, sanitary registrations, and specific licenses. Our expertise in Incoterms and international contracts offers legal security and clarity regarding responsibilities and costs.<\/p><p>4. Market Strategy and Private Label More than suppliers, we are business partners. We assist in the cultural adaptation of the brand and in the development of packaging that adds value at the point of sale, whether for established brands or private label projects.<\/p><p>In conclusion, we act as the technical link between Brazilian production and the global market. For importers seeking security, volume, and standardization in spirits, Infinity X Group delivers not only the product, but also the assurance of an efficient international operation.<\/p>\t\t\t\t\t\t\t\t<\/div>\n\t\t\t\t\t<\/div>\n\t\t\t\t<\/div>\n\t\t\t\t<\/div>","protected":false},"excerpt":{"rendered":"<p>Exporta\u00e7\u00e3o de Destilados: Expertise T\u00e9cnica e Conformidade Global O segmento de destilados \u2014 abrangendo Whisky, Vodka, Cacha\u00e7a, Gin e Rum \u2014 exige um n\u00edvel de sofistica\u00e7\u00e3o log\u00edstica e regulat\u00f3ria superior ao das bebidas fermentadas. Na Infinity X Group, transformamos a complexidade do com\u00e9rcio internacional de alto teor alco\u00f3lico em uma opera\u00e7\u00e3o fluida e segura para [&hellip;]<\/p>","protected":false},"author":1,"featured_media":0,"parent":0,"menu_order":0,"comment_status":"closed","ping_status":"closed","template":"","meta":{"footnotes":""},"class_list":["post-461","page","type-page","status-publish","hentry"],"yoast_head":"<!-- This site is optimized with the Yoast SEO plugin v27.2 - https:\/\/yoast.com\/product\/yoast-seo-wordpress\/ -->\n<title>Destilados - Infinityxgroup.com.br | Empresa de trading para exporta\u00e7\u00e3o de produtos<\/title>\n<meta name=\"robots\" content=\"index, follow, max-snippet:-1, max-image-preview:large, max-video-preview:-1\" \/>\n<link rel=\"canonical\" href=\"https:\/\/infinityxgroup.com.br\/en\/destilados\/\" \/>\n<meta property=\"og:locale\" content=\"en_US\" \/>\n<meta property=\"og:type\" content=\"article\" \/>\n<meta property=\"og:title\" content=\"Destilados - Infinityxgroup.com.br | Empresa de trading para exporta\u00e7\u00e3o de produtos\" \/>\n<meta property=\"og:description\" content=\"Exporta\u00e7\u00e3o de Destilados: Expertise T\u00e9cnica e Conformidade Global O segmento de destilados \u2014 abrangendo Whisky, Vodka, Cacha\u00e7a, Gin e Rum \u2014 exige um n\u00edvel de sofistica\u00e7\u00e3o log\u00edstica e regulat\u00f3ria superior ao das bebidas fermentadas. Na Infinity X Group, transformamos a complexidade do com\u00e9rcio internacional de alto teor alco\u00f3lico em uma opera\u00e7\u00e3o fluida e segura para [&hellip;]\" \/>\n<meta property=\"og:url\" content=\"https:\/\/infinityxgroup.com.br\/en\/destilados\/\" \/>\n<meta property=\"og:site_name\" content=\"Infinityxgroup.com.br | Empresa de trading para exporta\u00e7\u00e3o de produtos\" \/>\n<meta property=\"article:modified_time\" content=\"2026-01-10T01:10:51+00:00\" \/>\n<meta name=\"twitter:card\" content=\"summary_large_image\" \/>\n<meta name=\"twitter:label1\" content=\"Est. reading time\" \/>\n\t<meta name=\"twitter:data1\" content=\"2 minutes\" \/>\n<script type=\"application\/ld+json\" class=\"yoast-schema-graph\">{\"@context\":\"https:\/\/schema.org\",\"@graph\":[{\"@type\":\"WebPage\",\"@id\":\"https:\/\/infinityxgroup.com.br\/destilados\/\",\"url\":\"https:\/\/infinityxgroup.com.br\/destilados\/\",\"name\":\"Destilados - Infinityxgroup.com.br | Empresa de trading para exporta\u00e7\u00e3o de produtos\",\"isPartOf\":{\"@id\":\"https:\/\/infinityxgroup.com.br\/#website\"},\"datePublished\":\"2025-12-17T11:48:24+00:00\",\"dateModified\":\"2026-01-10T01:10:51+00:00\",\"breadcrumb\":{\"@id\":\"https:\/\/infinityxgroup.com.br\/destilados\/#breadcrumb\"},\"inLanguage\":\"en-US\",\"potentialAction\":[{\"@type\":\"ReadAction\",\"target\":[\"https:\/\/infinityxgroup.com.br\/destilados\/\"]}]},{\"@type\":\"BreadcrumbList\",\"@id\":\"https:\/\/infinityxgroup.com.br\/destilados\/#breadcrumb\",\"itemListElement\":[{\"@type\":\"ListItem\",\"position\":1,\"name\":\"In\u00edcio\",\"item\":\"https:\/\/infinityxgroup.com.br\/\"},{\"@type\":\"ListItem\",\"position\":2,\"name\":\"Destilados\"}]},{\"@type\":\"WebSite\",\"@id\":\"https:\/\/infinityxgroup.com.br\/#website\",\"url\":\"https:\/\/infinityxgroup.com.br\/\",\"name\":\"Infinityxgroup.com.br | Empresa de trading para exporta\u00e7\u00e3o de produtos\",\"description\":\"Empresa de trading para exporta\u00e7\u00e3o de produtos\",\"publisher\":{\"@id\":\"https:\/\/infinityxgroup.com.br\/#organization\"},\"potentialAction\":[{\"@type\":\"SearchAction\",\"target\":{\"@type\":\"EntryPoint\",\"urlTemplate\":\"https:\/\/infinityxgroup.com.br\/?s={search_term_string}\"},\"query-input\":{\"@type\":\"PropertyValueSpecification\",\"valueRequired\":true,\"valueName\":\"search_term_string\"}}],\"inLanguage\":\"en-US\"},{\"@type\":\"Organization\",\"@id\":\"https:\/\/infinityxgroup.com.br\/#organization\",\"name\":\"Infinityxgroup.com.br | Empresa de trading para exporta\u00e7\u00e3o de produtos\",\"url\":\"https:\/\/infinityxgroup.com.br\/\",\"logo\":{\"@type\":\"ImageObject\",\"inLanguage\":\"en-US\",\"@id\":\"https:\/\/infinityxgroup.com.br\/#\/schema\/logo\/image\/\",\"url\":\"https:\/\/infinityxgroup.com.br\/wp-content\/uploads\/2025\/12\/cropped-LOGO-INFINITYXGROUP-SEMFUNDO-e1765378023406.png\",\"contentUrl\":\"https:\/\/infinityxgroup.com.br\/wp-content\/uploads\/2025\/12\/cropped-LOGO-INFINITYXGROUP-SEMFUNDO-e1765378023406.png\",\"width\":150,\"height\":109,\"caption\":\"Infinityxgroup.com.br | Empresa de trading para exporta\u00e7\u00e3o de produtos\"},\"image\":{\"@id\":\"https:\/\/infinityxgroup.com.br\/#\/schema\/logo\/image\/\"}}]}<\/script>\n<!-- \/ Yoast SEO plugin. -->","yoast_head_json":{"title":"Destilados - Infinityxgroup.com.br | Empresa de trading para exporta\u00e7\u00e3o de produtos","robots":{"index":"index","follow":"follow","max-snippet":"max-snippet:-1","max-image-preview":"max-image-preview:large","max-video-preview":"max-video-preview:-1"},"canonical":"https:\/\/infinityxgroup.com.br\/en\/destilados\/","og_locale":"en_US","og_type":"article","og_title":"Destilados - Infinityxgroup.com.br | Empresa de trading para exporta\u00e7\u00e3o de produtos","og_description":"Exporta\u00e7\u00e3o de Destilados: Expertise T\u00e9cnica e Conformidade Global O segmento de destilados \u2014 abrangendo Whisky, Vodka, Cacha\u00e7a, Gin e Rum \u2014 exige um n\u00edvel de sofistica\u00e7\u00e3o log\u00edstica e regulat\u00f3ria superior ao das bebidas fermentadas. Na Infinity X Group, transformamos a complexidade do com\u00e9rcio internacional de alto teor alco\u00f3lico em uma opera\u00e7\u00e3o fluida e segura para [&hellip;]","og_url":"https:\/\/infinityxgroup.com.br\/en\/destilados\/","og_site_name":"Infinityxgroup.com.br | Empresa de trading para exporta\u00e7\u00e3o de produtos","article_modified_time":"2026-01-10T01:10:51+00:00","twitter_card":"summary_large_image","twitter_misc":{"Est. reading time":"2 minutes"},"schema":{"@context":"https:\/\/schema.org","@graph":[{"@type":"WebPage","@id":"https:\/\/infinityxgroup.com.br\/destilados\/","url":"https:\/\/infinityxgroup.com.br\/destilados\/","name":"Destilados - Infinityxgroup.com.br | Empresa de trading para exporta\u00e7\u00e3o de produtos","isPartOf":{"@id":"https:\/\/infinityxgroup.com.br\/#website"},"datePublished":"2025-12-17T11:48:24+00:00","dateModified":"2026-01-10T01:10:51+00:00","breadcrumb":{"@id":"https:\/\/infinityxgroup.com.br\/destilados\/#breadcrumb"},"inLanguage":"en-US","potentialAction":[{"@type":"ReadAction","target":["https:\/\/infinityxgroup.com.br\/destilados\/"]}]},{"@type":"BreadcrumbList","@id":"https:\/\/infinityxgroup.com.br\/destilados\/#breadcrumb","itemListElement":[{"@type":"ListItem","position":1,"name":"In\u00edcio","item":"https:\/\/infinityxgroup.com.br\/"},{"@type":"ListItem","position":2,"name":"Destilados"}]},{"@type":"WebSite","@id":"https:\/\/infinityxgroup.com.br\/#website","url":"https:\/\/infinityxgroup.com.br\/","name":"Infinityxgroup.com.br | Empresa de trading para exporta\u00e7\u00e3o de produtos","description":"Empresa de trading para exporta\u00e7\u00e3o de produtos","publisher":{"@id":"https:\/\/infinityxgroup.com.br\/#organization"},"potentialAction":[{"@type":"SearchAction","target":{"@type":"EntryPoint","urlTemplate":"https:\/\/infinityxgroup.com.br\/?s={search_term_string}"},"query-input":{"@type":"PropertyValueSpecification","valueRequired":true,"valueName":"search_term_string"}}],"inLanguage":"en-US"},{"@type":"Organization","@id":"https:\/\/infinityxgroup.com.br\/#organization","name":"Infinityxgroup.com.br | Empresa de trading para exporta\u00e7\u00e3o de produtos","url":"https:\/\/infinityxgroup.com.br\/","logo":{"@type":"ImageObject","inLanguage":"en-US","@id":"https:\/\/infinityxgroup.com.br\/#\/schema\/logo\/image\/","url":"https:\/\/infinityxgroup.com.br\/wp-content\/uploads\/2025\/12\/cropped-LOGO-INFINITYXGROUP-SEMFUNDO-e1765378023406.png","contentUrl":"https:\/\/infinityxgroup.com.br\/wp-content\/uploads\/2025\/12\/cropped-LOGO-INFINITYXGROUP-SEMFUNDO-e1765378023406.png","width":150,"height":109,"caption":"Infinityxgroup.com.br | Empresa de trading para exporta\u00e7\u00e3o de produtos"},"image":{"@id":"https:\/\/infinityxgroup.com.br\/#\/schema\/logo\/image\/"}}]}},"_links":{"self":[{"href":"https:\/\/infinityxgroup.com.br\/en\/wp-json\/wp\/v2\/pages\/461","targetHints":{"allow":["GET"]}}],"collection":[{"href":"https:\/\/infinityxgroup.com.br\/en\/wp-json\/wp\/v2\/pages"}],"about":[{"href":"https:\/\/infinityxgroup.com.br\/en\/wp-json\/wp\/v2\/types\/page"}],"author":[{"embeddable":true,"href":"https:\/\/infinityxgroup.com.br\/en\/wp-json\/wp\/v2\/users\/1"}],"replies":[{"embeddable":true,"href":"https:\/\/infinityxgroup.com.br\/en\/wp-json\/wp\/v2\/comments?post=461"}],"version-history":[{"count":16,"href":"https:\/\/infinityxgroup.com.br\/en\/wp-json\/wp\/v2\/pages\/461\/revisions"}],"predecessor-version":[{"id":1198,"href":"https:\/\/infinityxgroup.com.br\/en\/wp-json\/wp\/v2\/pages\/461\/revisions\/1198"}],"wp:attachment":[{"href":"https:\/\/infinityxgroup.com.br\/en\/wp-json\/wp\/v2\/media?parent=461"}],"curies":[{"name":"wp","href":"https:\/\/api.w.org\/{rel}","templated":true}]}}